{"id":40,"date":"2019-03-28T16:00:59","date_gmt":"2019-03-28T15:00:59","guid":{"rendered":"https:\/\/agniyoga.es\/?page_id=40"},"modified":"2021-07-29T15:13:47","modified_gmt":"2021-07-29T13:13:47","slug":"quien-soy","status":"publish","type":"page","link":"https:\/\/agniyoga.es\/index.php\/quien-soy\/","title":{"rendered":"Qui\u00e9n soy"},"content":{"rendered":"\t\t<div data-elementor-type=\"post\" data-elementor-id=\"40\" class=\"elementor elementor-40\" data-elementor-settings=\"[]\">\n\t\t\t<div class=\"elementor-inner\">\n\t\t\t\t<div class=\"elementor-section-wrap\">\n\t\t\t\t\t\t\t<section class=\"elementor-element elementor-element-e87b12b elementor-section-full_width elementor-section-height-default elementor-section-height-default elementor-section elementor-top-section\" data-id=\"e87b12b\" data-element_type=\"section\">\n\t\t\t\t\t\t<div class=\"elementor-container elementor-column-gap-default\">\n\t\t\t\t<div class=\"elementor-row\">\n\t\t\t\t<div class=\"elementor-element elementor-element-ce3086f elementor-column elementor-col-100 elementor-top-column\" data-id=\"ce3086f\" data-element_type=\"column\">\n\t\t\t<div class=\"elementor-column-wrap  elementor-element-populated\">\n\t\t\t\t\t<div class=\"elementor-widget-wrap\">\n\t\t\t\t<section class=\"elementor-element elementor-element-d8b145f elementor-section-boxed elementor-section-height-default elementor-section-height-default elementor-section elementor-inner-section\" data-id=\"d8b145f\" data-element_type=\"section\">\n\t\t\t\t\t\t<div class=\"elementor-container elementor-column-gap-default\">\n\t\t\t\t<div class=\"elementor-row\">\n\t\t\t\t<div class=\"elementor-element elementor-element-993c0f1 elementor-column elementor-col-50 elementor-inner-column\" data-id=\"993c0f1\" data-element_type=\"column\">\n\t\t\t<div class=\"elementor-column-wrap  elementor-element-populated\">\n\t\t\t\t\t<div class=\"elementor-widget-wrap\">\n\t\t\t\t<div class=\"elementor-element elementor-element-1ae6eeb elementor-widget elementor-widget-image\" data-id=\"1ae6eeb\" data-element_type=\"widget\" data-widget_type=\"image.default\">\n\t\t\t\t<div class=\"elementor-widget-container\">\n\t\t\t\t\t<div class=\"elementor-image\">\n\t\t\t\t\t\t\t\t\t\t\t<a href=\"https:\/\/agniyoga.es\/\" data-elementor-open-lightbox=\"\">\n\t\t\t\t\t\t\t<img decoding=\"async\" src=\"https:\/\/agniyoga.es\/wp-content\/uploads\/2019\/05\/logo_verd.svg\" class=\"attachment-full size-full\" alt=\"\" \/>\t\t\t\t\t\t\t\t<\/a>\n\t\t\t\t\t\t\t\t\t\t\t<\/div>\n\t\t\t\t<\/div>\n\t\t\t\t<\/div>\n\t\t\t\t\t\t<\/div>\n\t\t\t<\/div>\n\t\t<\/div>\n\t\t\t\t<div class=\"elementor-element elementor-element-ed386ed elementor-column elementor-col-50 elementor-inner-column\" data-id=\"ed386ed\" data-element_type=\"column\">\n\t\t\t<div class=\"elementor-column-wrap  elementor-element-populated\">\n\t\t\t\t\t<div class=\"elementor-widget-wrap\">\n\t\t\t\t<div class=\"elementor-element elementor-element-3429d38 elementor-nav-menu__align-right roblox elementor-nav-menu--indicator-classic elementor-nav-menu--dropdown-tablet elementor-nav-menu__text-align-aside elementor-nav-menu--toggle elementor-nav-menu--burger elementor-widget elementor-widget-nav-menu\" data-id=\"3429d38\" data-element_type=\"widget\" data-settings=\"{&quot;layout&quot;:&quot;horizontal&quot;,&quot;toggle&quot;:&quot;burger&quot;}\" data-widget_type=\"nav-menu.default\">\n\t\t\t\t<div class=\"elementor-widget-container\">\n\t\t\t\t\t\t<nav class=\"elementor-nav-menu--main elementor-nav-menu__container elementor-nav-menu--layout-horizontal e--pointer-text e--animation-sink\"><ul id=\"menu-1-3429d38\" class=\"elementor-nav-menu\"><li class=\"menu-item menu-item-type-post_type menu-item-object-page menu-item-220\"><a href=\"https:\/\/agniyoga.es\/index.php\/agni-yoga\/\" class=\"elementor-item\">Agni Yoga<\/a><\/li>\n<li class=\"menu-item menu-item-type-post_type menu-item-object-page menu-item-62\"><a href=\"https:\/\/agniyoga.es\/index.php\/escuela-adamantem\/\" class=\"elementor-item\">Escuela Adamantem<\/a><\/li>\n<li class=\"menu-item menu-item-type-post_type menu-item-object-page menu-item-66\"><a href=\"https:\/\/agniyoga.es\/index.php\/quien-soy\/\" class=\"elementor-item\">Qui\u00e9n soy<\/a><\/li>\n<li class=\"menu-item menu-item-type-post_type menu-item-object-page menu-item-510\"><a href=\"https:\/\/agniyoga.es\/index.php\/blog-2\/\" class=\"elementor-item\">Blog<\/a><\/li>\n<li class=\"menu-item menu-item-type-taxonomy menu-item-object-category menu-item-894\"><a href=\"https:\/\/agniyoga.es\/index.php\/category\/libros\/\" class=\"elementor-item\">Libros de la autora<\/a><\/li>\n<\/ul><\/nav>\n\t\t\t\t\t<div class=\"elementor-menu-toggle\">\n\t\t\t<i class=\"eicon\" aria-hidden=\"true\"><\/i>\n\t\t\t<span class=\"elementor-screen-only\">Men\u00fa<\/span>\n\t\t<\/div>\n\t\t<nav class=\"elementor-nav-menu--dropdown elementor-nav-menu__container\"><ul id=\"menu-2-3429d38\" class=\"elementor-nav-menu\"><li class=\"menu-item menu-item-type-post_type menu-item-object-page menu-item-220\"><a href=\"https:\/\/agniyoga.es\/index.php\/agni-yoga\/\" class=\"elementor-item\">Agni Yoga<\/a><\/li>\n<li class=\"menu-item menu-item-type-post_type menu-item-object-page menu-item-62\"><a href=\"https:\/\/agniyoga.es\/index.php\/escuela-adamantem\/\" class=\"elementor-item\">Escuela Adamantem<\/a><\/li>\n<li class=\"menu-item menu-item-type-post_type menu-item-object-page menu-item-66\"><a href=\"https:\/\/agniyoga.es\/index.php\/quien-soy\/\" class=\"elementor-item\">Qui\u00e9n soy<\/a><\/li>\n<li class=\"menu-item menu-item-type-post_type menu-item-object-page menu-item-510\"><a href=\"https:\/\/agniyoga.es\/index.php\/blog-2\/\" class=\"elementor-item\">Blog<\/a><\/li>\n<li class=\"menu-item menu-item-type-taxonomy menu-item-object-category menu-item-894\"><a href=\"https:\/\/agniyoga.es\/index.php\/category\/libros\/\" class=\"elementor-item\">Libros de la autora<\/a><\/li>\n<\/ul><\/nav>\n\t\t\t\t<\/div>\n\t\t\t\t<\/div>\n\t\t\t\t\t\t<\/div>\n\t\t\t<\/div>\n\t\t<\/div>\n\t\t\t\t\t\t<\/div>\n\t\t\t<\/div>\n\t\t<\/section>\n\t\t\t\t<div class=\"elementor-element elementor-element-a406baf elementor-widget elementor-widget-divider\" data-id=\"a406baf\" data-element_type=\"widget\" data-widget_type=\"divider.default\">\n\t\t\t\t<div class=\"elementor-widget-container\">\n\t\t\t\t\t<div class=\"elementor-divider\">\n\t\t\t<span class=\"elementor-divider-separator\"><\/span>\n\t\t<\/div>\n\t\t\t\t<\/div>\n\t\t\t\t<\/div>\n\t\t\t\t\t\t<\/div>\n\t\t\t<\/div>\n\t\t<\/div>\n\t\t\t\t\t\t<\/div>\n\t\t\t<\/div>\n\t\t<\/section>\n\t\t\t\t<section class=\"elementor-element elementor-element-ca1ad8e elementor-section-boxed elementor-section-height-default elementor-section-height-default elementor-section elementor-top-section\" data-id=\"ca1ad8e\" data-element_type=\"section\">\n\t\t\t\t\t\t<div class=\"elementor-container elementor-column-gap-default\">\n\t\t\t\t<div class=\"elementor-row\">\n\t\t\t\t<div class=\"elementor-element elementor-element-56814fb elementor-column elementor-col-100 elementor-top-column\" data-id=\"56814fb\" data-element_type=\"column\">\n\t\t\t<div class=\"elementor-column-wrap  elementor-element-populated\">\n\t\t\t\t\t<div class=\"elementor-widget-wrap\">\n\t\t\t\t<div class=\"elementor-element elementor-element-8d02dc2 elementor-widget elementor-widget-text-editor\" data-id=\"8d02dc2\" data-element_type=\"widget\" data-widget_type=\"text-editor.default\">\n\t\t\t\t<div class=\"elementor-widget-container\">\n\t\t\t\t\t<div class=\"elementor-text-editor elementor-clearfix\"><p>\u00bfQui\u00e9n soy?<\/p><\/div>\n\t\t\t\t<\/div>\n\t\t\t\t<\/div>\n\t\t\t\t\t\t<\/div>\n\t\t\t<\/div>\n\t\t<\/div>\n\t\t\t\t\t\t<\/div>\n\t\t\t<\/div>\n\t\t<\/section>\n\t\t\t\t<section class=\"elementor-element elementor-element-24e65d5 elementor-section-boxed elementor-section-height-default elementor-section-height-default elementor-section elementor-top-section\" data-id=\"24e65d5\" data-element_type=\"section\">\n\t\t\t\t\t\t<div class=\"elementor-container elementor-column-gap-default\">\n\t\t\t\t<div class=\"elementor-row\">\n\t\t\t\t<div class=\"elementor-element elementor-element-f6ad6d1 elementor-column elementor-col-100 elementor-top-column\" data-id=\"f6ad6d1\" data-element_type=\"column\">\n\t\t\t<div class=\"elementor-column-wrap\">\n\t\t\t\t\t<div class=\"elementor-widget-wrap\">\n\t\t\t\t\t\t<\/div>\n\t\t\t<\/div>\n\t\t<\/div>\n\t\t\t\t\t\t<\/div>\n\t\t\t<\/div>\n\t\t<\/section>\n\t\t\t\t<section class=\"elementor-element elementor-element-f028cce elementor-section-boxed elementor-section-height-default elementor-section-height-default elementor-section elementor-top-section\" data-id=\"f028cce\" data-element_type=\"section\">\n\t\t\t\t\t\t<div class=\"elementor-container elementor-column-gap-default\">\n\t\t\t\t<div class=\"elementor-row\">\n\t\t\t\t<div class=\"elementor-element elementor-element-955acd9 elementor-column elementor-col-50 elementor-top-column\" data-id=\"955acd9\" data-element_type=\"column\">\n\t\t\t<div class=\"elementor-column-wrap  elementor-element-populated\">\n\t\t\t\t\t<div class=\"elementor-widget-wrap\">\n\t\t\t\t<div class=\"elementor-element elementor-element-b6f9b7d elementor-widget elementor-widget-text-editor\" data-id=\"b6f9b7d\" data-element_type=\"widget\" data-widget_type=\"text-editor.default\">\n\t\t\t\t<div class=\"elementor-widget-container\">\n\t\t\t\t\t<div class=\"elementor-text-editor elementor-clearfix\"><p><span style=\"vertical-align: inherit;\"><span style=\"vertical-align: inherit;\">Me llamo Sundari, nac\u00ed en Barcelona el 22 de enero de 1964, soy madre de tres hij@s y abuela de dos maravillosos niet@s, y vivo en un fant\u00e1stico rinc\u00f3n del Baix Empord\u00e0, provincia de Girona. <\/span><span style=\"vertical-align: inherit;\">Soy, como tod@s nosotr@s, un ser espiritual que eligi\u00f3 vivir una experiencia humana.\u00a0<\/span><\/span><\/p><p><span style=\"vertical-align: inherit;\"><span style=\"vertical-align: inherit;\">Amo, honro y agradezco la vida que se me dio. <\/span><span style=\"vertical-align: inherit;\">Mantengo muy despierto el inter\u00e9s de adaptarme con flexibilidad a los requisitos de mis propias circunstancias de vida, as\u00ed como a las circunstancias colectivas. <\/span><span style=\"vertical-align: inherit;\">Nac\u00ed con una conciencia espiritual muy despierta y lo que he tenido que conquistar un pulso ha sido mi conciencia terrenal y mi sentido de pertenencia.\u00a0<\/span><\/span><\/p><p><span style=\"vertical-align: inherit;\"><span style=\"vertical-align: inherit;\">Aunque he pasado por momentos en los que me pareci\u00f3 haber perdido el sentido de la vida, por lo general siempre me ha acompa\u00f1ado un sentido de prop\u00f3sito. <\/span><span style=\"vertical-align: inherit;\">Siento que el prop\u00f3sito de mi propia vida, as\u00ed como el prop\u00f3sito de cualquier vida individual, trasciende, en mucho el prop\u00f3sito de mi propia evoluci\u00f3n personal, aunque no la descuida, pues no se puede desvincular la evoluci\u00f3n de la conciencia individual del movimiento expansivo e integrador de la Conciencia Suprema. <\/span><span style=\"vertical-align: inherit;\">No s\u00e9 si soy capaz de definir con palabras cu\u00e1l es mi prop\u00f3sito, pero s\u00ed s\u00e9 que yo eleg\u00ed voluntariamente una experiencia de vida muy peculiar y unas circunstancias familiares muy concretas que me iban a permitir sumergirme en las tenebrosidades emocionales y mentales del ego humano, <\/span><span style=\"vertical-align: inherit;\">en los enga\u00f1os y en las trampas que a trav\u00e9s de los tiempos han llevado a las almas al infierno de su propia ignorancia y las han mantenido prisioneras en \u00e9l. <\/span><span style=\"vertical-align: inherit;\">Eleg\u00ed esto porque la conciencia del aspecto b\u00fadico de mi propio ser me capacitaba para realizar un paciente trabajo de retorno al Centro del Ser, para conquistar algo que va mucho m\u00e1s all\u00e1 de recuperar mi propia dignidad, algo que tiene que ver con la relaci\u00f3n, con la integraci\u00f3n de todos los aspectos y de todos los seres en el amor. <\/span><span style=\"vertical-align: inherit;\">Se podr\u00eda decir que mi prop\u00f3sito, como el verdadero prop\u00f3sito de todo ser humano, es un prop\u00f3sito de S\u00edntesis. <\/span><span style=\"vertical-align: inherit;\">Por eso siento que todos los objetivos o requerimientos que se me plantean en la vida est\u00e1n al servicio de este prop\u00f3sito mayor.\u00a0<\/span><\/span><\/p><\/div>\n\t\t\t\t<\/div>\n\t\t\t\t<\/div>\n\t\t\t\t\t\t<\/div>\n\t\t\t<\/div>\n\t\t<\/div>\n\t\t\t\t<div class=\"elementor-element elementor-element-cf3a875 elementor-column elementor-col-50 elementor-top-column\" data-id=\"cf3a875\" data-element_type=\"column\">\n\t\t\t<div class=\"elementor-column-wrap  elementor-element-populated\">\n\t\t\t\t\t<div class=\"elementor-widget-wrap\">\n\t\t\t\t<div class=\"elementor-element elementor-element-c5cc1ea elementor-widget elementor-widget-image\" data-id=\"c5cc1ea\" data-element_type=\"widget\" data-widget_type=\"image.default\">\n\t\t\t\t<div class=\"elementor-widget-container\">\n\t\t\t\t\t<div class=\"elementor-image\">\n\t\t\t\t\t\t\t\t\t\t<img loading=\"lazy\" decoding=\"async\" width=\"712\" height=\"960\" src=\"https:\/\/agniyoga.es\/wp-content\/uploads\/2019\/05\/10703595_547004925430439_5801179192584547302_n.jpg\" class=\"attachment-large size-large\" alt=\"\" srcset=\"https:\/\/agniyoga.es\/wp-content\/uploads\/2019\/05\/10703595_547004925430439_5801179192584547302_n.jpg 712w, https:\/\/agniyoga.es\/wp-content\/uploads\/2019\/05\/10703595_547004925430439_5801179192584547302_n-223x300.jpg 223w\" sizes=\"(max-width: 712px) 100vw, 712px\" \/>\t\t\t\t\t\t\t\t\t\t\t<\/div>\n\t\t\t\t<\/div>\n\t\t\t\t<\/div>\n\t\t\t\t\t\t<\/div>\n\t\t\t<\/div>\n\t\t<\/div>\n\t\t\t\t\t\t<\/div>\n\t\t\t<\/div>\n\t\t<\/section>\n\t\t\t\t<section class=\"elementor-element elementor-element-0ad3840 elementor-section-boxed elementor-section-height-default elementor-section-height-default elementor-section elementor-top-section\" data-id=\"0ad3840\" data-element_type=\"section\" data-settings=\"{&quot;background_background&quot;:&quot;classic&quot;,&quot;background_motion_fx_motion_fx_scrolling&quot;:&quot;yes&quot;,&quot;background_motion_fx_translateY_effect&quot;:&quot;yes&quot;,&quot;background_motion_fx_translateY_speed&quot;:{&quot;unit&quot;:&quot;px&quot;,&quot;size&quot;:2.3,&quot;sizes&quot;:[]},&quot;background_motion_fx_translateY_affectedRange&quot;:{&quot;unit&quot;:&quot;%&quot;,&quot;size&quot;:&quot;&quot;,&quot;sizes&quot;:{&quot;start&quot;:0,&quot;end&quot;:100}},&quot;background_motion_fx_devices&quot;:[&quot;desktop&quot;,&quot;tablet&quot;,&quot;mobile&quot;]}\">\n\t\t\t\t\t\t<div class=\"elementor-container elementor-column-gap-default\">\n\t\t\t\t<div class=\"elementor-row\">\n\t\t\t\t<div class=\"elementor-element elementor-element-4db3827 elementor-column elementor-col-100 elementor-top-column\" data-id=\"4db3827\" data-element_type=\"column\">\n\t\t\t<div class=\"elementor-column-wrap\">\n\t\t\t\t\t<div class=\"elementor-widget-wrap\">\n\t\t\t\t\t\t<\/div>\n\t\t\t<\/div>\n\t\t<\/div>\n\t\t\t\t\t\t<\/div>\n\t\t\t<\/div>\n\t\t<\/section>\n\t\t\t\t<section class=\"elementor-element elementor-element-4cf0cfc elementor-section-boxed elementor-section-height-default elementor-section-height-default elementor-section elementor-top-section\" data-id=\"4cf0cfc\" data-element_type=\"section\">\n\t\t\t\t\t\t<div class=\"elementor-container elementor-column-gap-default\">\n\t\t\t\t<div class=\"elementor-row\">\n\t\t\t\t<div class=\"elementor-element elementor-element-f05f80a elementor-column elementor-col-100 elementor-top-column\" data-id=\"f05f80a\" data-element_type=\"column\">\n\t\t\t<div class=\"elementor-column-wrap  elementor-element-populated\">\n\t\t\t\t\t<div class=\"elementor-widget-wrap\">\n\t\t\t\t<div class=\"elementor-element elementor-element-3d469f0 elementor-widget elementor-widget-text-editor\" data-id=\"3d469f0\" data-element_type=\"widget\" data-widget_type=\"text-editor.default\">\n\t\t\t\t<div class=\"elementor-widget-container\">\n\t\t\t\t\t<div class=\"elementor-text-editor elementor-clearfix\"><p>\u00a0No me parece relevante hablar de mi formaci\u00f3n, en el sentido de que lo que realmente me ha formado es la experiencia de la vida misma. En la actualidad estoy profunda y activamente implicada en la creaci\u00f3n de una Escuela de Prosperidad, a la que bautic\u00e9 con el nombre de Adamantem. Implicada no s\u00f3lo en los niveles de proyecci\u00f3n, sino en la construcci\u00f3n del espacio f\u00edsico de la misma, lo que constituye para m\u00ed un sorprendente y gratificante desaf\u00edo.<br \/><br \/>La intenci\u00f3n principal de mi trabajo es el de encarnar la Prosperidad y compartirla, lo cual tiene que ver con la verdadera esencia de la Prosperidad. Desde el punto de vista terap\u00e9utico deseo ofrecer el enfoque y las herramientas que puedan facilitar a las personas su propio proceso de transformaci\u00f3n. Mi propio camino hacia la Prosperidad, mi propia experiencia personal de transformaci\u00f3n y mi enfoque terap\u00e9utico se basan, fundamentalmente, en la profunda eficacia de la pr\u00e1ctica silenciosa del Agni Yoga, as\u00ed como en el conocimiento y la aplicaci\u00f3n de determinados principios y leyes metaf\u00edsicas fundamentales y en el uso de ciertas herramientas terap\u00e9uticas, entre las que se encuentra la pr\u00e1ctica de la escritura, por citar la que para m\u00ed ha sido m\u00e1s eficaz.<br \/><span style=\"letter-spacing: 0px;\"><br \/>Soy un ser humano que eligi\u00f3 trascender los programas de limitaci\u00f3n que mantienen inactivo gran parte del potencial de nuestro ADN humano. Todo ese potencial se puede ir despertando y est\u00e1 deseando hacerlo, para nuestro beneficio y para el beneficio de la comunidad, en armon\u00eda con tod@s y con todo, para posibilitar que cada persona pueda encarnar la prosperidad de su Ser Esencial.<\/span><\/p><\/div>\n\t\t\t\t<\/div>\n\t\t\t\t<\/div>\n\t\t\t\t\t\t<\/div>\n\t\t\t<\/div>\n\t\t<\/div>\n\t\t\t\t\t\t<\/div>\n\t\t\t<\/div>\n\t\t<\/section>\n\t\t\t\t<section class=\"elementor-element elementor-element-f27f255 elementor-section-boxed elementor-section-height-default elementor-section-height-default elementor-section elementor-top-section\" data-id=\"f27f255\" data-element_type=\"section\" data-settings=\"{&quot;background_background&quot;:&quot;classic&quot;}\">\n\t\t\t\t\t\t<div class=\"elementor-container elementor-column-gap-default\">\n\t\t\t\t<div class=\"elementor-row\">\n\t\t\t\t<div class=\"elementor-element elementor-element-9ca00b7 elementor-column elementor-col-50 elementor-top-column\" data-id=\"9ca00b7\" data-element_type=\"column\">\n\t\t\t<div class=\"elementor-column-wrap  elementor-element-populated\">\n\t\t\t\t\t<div class=\"elementor-widget-wrap\">\n\t\t\t\t<div class=\"elementor-element elementor-element-cfb43d4 elementor-widget elementor-widget-heading\" data-id=\"cfb43d4\" data-element_type=\"widget\" data-widget_type=\"heading.default\">\n\t\t\t\t<div class=\"elementor-widget-container\">\n\t\t\t<h2 class=\"elementor-heading-title elementor-size-default\">Contacto<\/h2>\t\t<\/div>\n\t\t\t\t<\/div>\n\t\t\t\t<div class=\"elementor-element elementor-element-1e87c89 elementor-widget elementor-widget-text-editor\" data-id=\"1e87c89\" data-element_type=\"widget\" data-widget_type=\"text-editor.default\">\n\t\t\t\t<div class=\"elementor-widget-container\">\n\t\t\t\t\t<div class=\"elementor-text-editor elementor-clearfix\"><p>Si quieres contactar conmigo por alguna raz\u00f3n y dejar alg\u00fan comentario, puedes hacerlo rellenado este formulario. Estar\u00e9 encantada de leerte y responder. Muchas gracias de antemano.<\/p><\/div>\n\t\t\t\t<\/div>\n\t\t\t\t<\/div>\n\t\t\t\t\t\t<\/div>\n\t\t\t<\/div>\n\t\t<\/div>\n\t\t\t\t<div class=\"elementor-element elementor-element-90cb868 elementor-column elementor-col-50 elementor-top-column\" data-id=\"90cb868\" data-element_type=\"column\">\n\t\t\t<div class=\"elementor-column-wrap  elementor-element-populated\">\n\t\t\t\t\t<div class=\"elementor-widget-wrap\">\n\t\t\t\t<div class=\"elementor-element elementor-element-5f75f3a elementor-button-align-stretch elementor-widget elementor-widget-form\" data-id=\"5f75f3a\" data-element_type=\"widget\" data-widget_type=\"form.default\">\n\t\t\t\t<div class=\"elementor-widget-container\">\n\t\t\t\t\t<form class=\"elementor-form\" method=\"post\" name=\"SUBSCRIPCIO\">\n\t\t\t<input type=\"hidden\" name=\"post_id\" value=\"40\"\/>\n\t\t\t<input type=\"hidden\" name=\"form_id\" value=\"5f75f3a\"\/>\n\n\t\t\t<div class=\"elementor-form-fields-wrapper elementor-labels-above\">\n\t\t\t\t\t\t\t\t<div class=\"elementor-field-type-text elementor-field-group elementor-column elementor-field-group-name elementor-col-100 elementor-field-required\">\n\t\t\t\t\t<label for=\"form-field-name\" class=\"elementor-field-label\">Nombre<\/label><input size=\"1\" type=\"text\" name=\"form_fields[name]\" id=\"form-field-name\" class=\"elementor-field elementor-size-xs  elementor-field-textual\" placeholder=\"Nombre\" required=\"required\" aria-required=\"true\">\t\t\t\t<\/div>\n\t\t\t\t\t\t\t\t<div class=\"elementor-field-type-email elementor-field-group elementor-column elementor-field-group-email elementor-col-100 elementor-field-required\">\n\t\t\t\t\t<label for=\"form-field-email\" class=\"elementor-field-label\">Email<\/label><input size=\"1\" type=\"email\" name=\"form_fields[email]\" id=\"form-field-email\" class=\"elementor-field elementor-size-xs  elementor-field-textual\" placeholder=\"Email\" required=\"required\" aria-required=\"true\">\t\t\t\t<\/div>\n\t\t\t\t\t\t\t\t<div class=\"elementor-field-type-textarea elementor-field-group elementor-column elementor-field-group-Comentarios elementor-col-100\">\n\t\t\t\t\t<label for=\"form-field-Comentarios\" class=\"elementor-field-label\">Comentarios<\/label><textarea class=\"elementor-field-textual elementor-field  elementor-size-xs\" name=\"form_fields[Comentarios]\" id=\"form-field-Comentarios\" rows=\"5\" placeholder=\"Comentrios\">Comentarios<\/textarea>\t\t\t\t<\/div>\n\t\t\t\t\t\t\t\t<div class=\"elementor-field-group elementor-column elementor-field-type-submit elementor-col-100\">\n\t\t\t\t\t<button type=\"submit\" class=\"elementor-button elementor-size-sm\">\n\t\t\t\t\t\t<span >\n\t\t\t\t\t\t\t\t\t\t\t\t\t\t\t\t\t\t\t\t\t\t<span class=\"elementor-button-text\">ENVIA<\/span>\n\t\t\t\t\t\t\t\t\t\t\t\t\t<\/span>\n\t\t\t\t\t<\/button>\n\t\t\t\t<\/div>\n\t\t\t<\/div>\n\t\t<\/form>\n\t\t\t\t<\/div>\n\t\t\t\t<\/div>\n\t\t\t\t<div class=\"elementor-element elementor-element-15b5f7b elementor-widget elementor-widget-spacer\" data-id=\"15b5f7b\" data-element_type=\"widget\" data-widget_type=\"spacer.default\">\n\t\t\t\t<div class=\"elementor-widget-container\">\n\t\t\t\t\t<div class=\"elementor-spacer\">\n\t\t\t<div class=\"elementor-spacer-inner\"><\/div>\n\t\t<\/div>\n\t\t\t\t<\/div>\n\t\t\t\t<\/div>\n\t\t\t\t\t\t<\/div>\n\t\t\t<\/div>\n\t\t<\/div>\n\t\t\t\t\t\t<\/div>\n\t\t\t<\/div>\n\t\t<\/section>\n\t\t\t\t<section class=\"elementor-element elementor-element-5ebd504d elementor-section-boxed elementor-section-height-default elementor-section-height-default elementor-section elementor-top-section\" data-id=\"5ebd504d\" data-element_type=\"section\" data-settings=\"{&quot;background_background&quot;:&quot;classic&quot;}\">\n\t\t\t\t\t\t<div class=\"elementor-container elementor-column-gap-default\">\n\t\t\t\t<div class=\"elementor-row\">\n\t\t\t\t<div class=\"elementor-element elementor-element-74707703 elementor-column elementor-col-100 elementor-top-column\" data-id=\"74707703\" data-element_type=\"column\">\n\t\t\t<div class=\"elementor-column-wrap  elementor-element-populated\">\n\t\t\t\t\t<div class=\"elementor-widget-wrap\">\n\t\t\t\t<div class=\"elementor-element elementor-element-d590f24 elementor-shape-circle elementor-widget elementor-widget-social-icons\" data-id=\"d590f24\" data-element_type=\"widget\" data-widget_type=\"social-icons.default\">\n\t\t\t\t<div class=\"elementor-widget-container\">\n\t\t\t\t\t<div class=\"elementor-social-icons-wrapper\">\n\t\t\t\t\t\t\t<a class=\"elementor-icon elementor-social-icon elementor-social-icon-facebook elementor-animation-shrink\" href=\"\" target=\"_blank\">\n\t\t\t\t\t<span class=\"elementor-screen-only\">Facebook<\/span>\n\t\t\t\t\t<i class=\"fa fa-facebook\"><\/i>\n\t\t\t\t<\/a>\n\t\t\t\t\t\t\t<a class=\"elementor-icon elementor-social-icon elementor-social-icon-twitter elementor-animation-shrink\" href=\"\" target=\"_blank\">\n\t\t\t\t\t<span class=\"elementor-screen-only\">Twitter<\/span>\n\t\t\t\t\t<i class=\"fa fa-twitter\"><\/i>\n\t\t\t\t<\/a>\n\t\t\t\t\t\t\t<a class=\"elementor-icon elementor-social-icon elementor-social-icon-instagram elementor-animation-shrink\" href=\"\" target=\"_blank\">\n\t\t\t\t\t<span class=\"elementor-screen-only\">Instagram<\/span>\n\t\t\t\t\t<i class=\"fa fa-instagram\"><\/i>\n\t\t\t\t<\/a>\n\t\t\t\t\t<\/div>\n\t\t\t\t<\/div>\n\t\t\t\t<\/div>\n\t\t\t\t\t\t<\/div>\n\t\t\t<\/div>\n\t\t<\/div>\n\t\t\t\t\t\t<\/div>\n\t\t\t<\/div>\n\t\t<\/section>\n\t\t\t\t\t\t<\/div>\n\t\t\t<\/div>\n\t\t<\/div>\n\t\t","protected":false},"excerpt":{"rendered":"<p>\u00bfQui\u00e9n soy? Me llamo Sundari, nac\u00ed en Barcelona el 22 de enero de 1964, soy madre de tres hij@s y abuela de dos maravillosos niet@s, y vivo en un fant\u00e1stico rinc\u00f3n del Baix Empord\u00e0, provincia de Girona. Soy, como tod@s nosotr@s, un ser espiritual que eligi\u00f3 vivir una experiencia humana. Amo, honro y agradezco la [&hellip;]<\/p>\n","protected":false},"author":2,"featured_media":0,"parent":0,"menu_order":0,"comment_status":"closed","ping_status":"closed","template":"elementor_canvas","meta":{"footnotes":""},"_links":{"self":[{"href":"https:\/\/agniyoga.es\/index.php\/wp-json\/wp\/v2\/pages\/40"}],"collection":[{"href":"https:\/\/agniyoga.es\/index.php\/wp-json\/wp\/v2\/pages"}],"about":[{"href":"https:\/\/agniyoga.es\/index.php\/wp-json\/wp\/v2\/types\/page"}],"author":[{"embeddable":true,"href":"https:\/\/agniyoga.es\/index.php\/wp-json\/wp\/v2\/users\/2"}],"replies":[{"embeddable":true,"href":"https:\/\/agniyoga.es\/index.php\/wp-json\/wp\/v2\/comments?post=40"}],"version-history":[{"count":23,"href":"https:\/\/agniyoga.es\/index.php\/wp-json\/wp\/v2\/pages\/40\/revisions"}],"predecessor-version":[{"id":925,"href":"https:\/\/agniyoga.es\/index.php\/wp-json\/wp\/v2\/pages\/40\/revisions\/925"}],"wp:attachment":[{"href":"https:\/\/agniyoga.es\/index.php\/wp-json\/wp\/v2\/media?parent=40"}],"curies":[{"name":"wp","href":"https:\/\/api.w.org\/{rel}","templated":true}]}}